{"id":163,"date":"2017-07-21T23:32:57","date_gmt":"2017-07-21T20:32:57","guid":{"rendered":"https:\/\/calvineum.wordpress.com\/?page_id=163"},"modified":"2017-07-24T09:28:14","modified_gmt":"2017-07-24T07:28:14","slug":"romana","status":"publish","type":"page","link":"http:\/\/calvineum.ro\/?page_id=163","title":{"rendered":"Rom\u00e2n\u0103"},"content":{"rendered":"<p>Bine a\u021bi venit!<\/p>\n<p><a href=\"http:\/\/calvineum.ro\/wp-content\/uploads\/2017\/07\/romania-flag-button-round-xs.png\"><img decoding=\"async\" loading=\"lazy\" class=\" wp-image-1238 alignnone\" src=\"http:\/\/calvineum.ro\/wp-content\/uploads\/2017\/07\/romania-flag-button-round-xs.png\" alt=\"\" width=\"100\" height=\"100\" srcset=\"http:\/\/calvineum.ro\/wp-content\/uploads\/2017\/07\/romania-flag-button-round-xs.png 250w, http:\/\/calvineum.ro\/wp-content\/uploads\/2017\/07\/romania-flag-button-round-xs-150x150.png 150w\" sizes=\"(max-width: 100px) 100vw, 100px\" \/><\/a><\/p>\n<p>Pagini disponibile \u00een limba rom\u00e2n\u0103:<\/p>\n<p><a href=\"http:\/\/calvineum.ro\/?page_id=192\">Scurt istoric<\/a><\/p>\n<p><a href=\"http:\/\/calvineum.ro\/?page_id=218\">Lista pastoral\u0103<\/a><\/p>\n<p><a href=\"http:\/\/calvineum.ro\/?page_id=211\">Informa\u021bii utile<\/a><\/p>\n<p><a href=\"http:\/\/calvineum.ro\/?page_id=1223\">Galerie Foto<\/a><\/p>\n<p><a href=\"http:\/\/calvineum.ro\/?page_id=194\">Despre noi<\/a><\/p>\n<p>&nbsp;<\/p>\n","protected":false},"excerpt":{"rendered":"<p>Bine a\u021bi venit! Pagini disponibile \u00een limba rom\u00e2n\u0103: Scurt istoric Lista pastoral\u0103 Informa\u021bii utile Galerie Foto Despre noi &nbsp;<\/p>\n","protected":false},"author":1,"featured_media":0,"parent":0,"menu_order":0,"comment_status":"closed","ping_status":"closed","template":"","meta":[],"_links":{"self":[{"href":"http:\/\/calvineum.ro\/index.php?rest_route=\/wp\/v2\/pages\/163"}],"collection":[{"href":"http:\/\/calvineum.ro\/index.php?rest_route=\/wp\/v2\/pages"}],"about":[{"href":"http:\/\/calvineum.ro\/index.php?rest_route=\/wp\/v2\/types\/page"}],"author":[{"embeddable":true,"href":"http:\/\/calvineum.ro\/index.php?rest_route=\/wp\/v2\/users\/1"}],"replies":[{"embeddable":true,"href":"http:\/\/calvineum.ro\/index.php?rest_route=%2Fwp%2Fv2%2Fcomments&post=163"}],"version-history":[{"count":5,"href":"http:\/\/calvineum.ro\/index.php?rest_route=\/wp\/v2\/pages\/163\/revisions"}],"predecessor-version":[{"id":1243,"href":"http:\/\/calvineum.ro\/index.php?rest_route=\/wp\/v2\/pages\/163\/revisions\/1243"}],"wp:attachment":[{"href":"http:\/\/calvineum.ro\/index.php?rest_route=%2Fwp%2Fv2%2Fmedia&parent=163"}],"curies":[{"name":"wp","href":"https:\/\/api.w.org\/{rel}","templated":true}]}}