{"id":175,"date":"2017-07-21T23:37:41","date_gmt":"2017-07-21T20:37:41","guid":{"rendered":"https:\/\/calvineum.wordpress.com\/?page_id=175"},"modified":"2017-11-14T12:27:13","modified_gmt":"2017-11-14T10:27:13","slug":"konfirmacio-2","status":"publish","type":"page","link":"http:\/\/calvineum.ro\/?page_id=175","title":{"rendered":"Konfirm\u00e1ci\u00f3"},"content":{"rendered":"<p>&nbsp;<\/p>\n<p>A konfirm\u00e1ci\u00f3 az az istentisztelet, amikor megfogadjuk,hogy J\u00e9zus Krisztus k\u00f6vet\u0151i \u00e9s h\u0171s\u00e9ges egyh\u00e1ztagok lesz\u00fcnk.<\/p>\n<p>A konfirm\u00e1ci\u00f3ra az\u00e9rt van sz\u00fcks\u00e9g, mert amikor a kisgyermeket megkeresztelik, a megkeresztelt csecsem\u0151 nem is tudja mi t\u00f6rt\u00e9nik vele.<\/p>\n<p>A kereszts\u00e9g alkalm\u00e1val a sz\u00fcl\u0151k, nagysz\u00fcl\u0151k \u00e9s keresztsz\u00fcl\u0151k akarata \u00e9rv\u00e9nyes\u00fcl, akik e cselekedet \u00e1ltal gyerekeiket megk\u00fcl\u00f6mb\u00f6ztetik a hitetlenek gyermekeit\u0151l .<\/p>\n<p>A sz\u00fcl\u0151k \u00e9s keresztsz\u00fcl\u0151k fogadalmat tesznek, hogy gyermekeiket \u00fagy nevelik \u00e9s neveltetik, hogy majd \u0151 maguk \u00f6nk\u00e9nt tegyenek vall\u00e1st hit\u00fckr\u0151l a konfirm\u00e1ci\u00f3 alkalm\u00e1val.<\/p>\n<p>Ez\u00e9rt fontos \u00e9s elengedhetetlen,hogy a keresztsz\u00fcl\u0151k reform\u00e1tusok legyenek, hiszen m\u00e1s felekezet\u0171 keresztsz\u0151l\u0151 nem nevelheti reform\u00e1tus hitben a megkeresztelt gyereket.<\/p>\n<p><span style=\"color: #ff0000;\"><strong>Az otthoni nevel\u00e9st kieg\u00e9sz\u00edti a 2 \u00e9ves \u00a0felk\u00e9sz\u00edt\u00e9s , mely megel\u0151zi a konfirm\u00e1ci\u00f3t .\u00a0<\/strong><\/span><\/p>\n<p><span style=\"color: #ff0000;\"><strong>A 2 \u00e9ves felk\u00e9sz\u00edt\u0151 ideje alatt, a konfirm\u00e1ndusok rendszeresen r\u00e9szt vesznek az istentiszteleteken is.\u00a0<\/strong><\/span><\/p>\n<p><span style=\"color: #ff0000;\"><strong>Gy\u00fclekezet\u00fcnkben jelenleg nincs egyetlen konfirm\u00e1ndus sem.<\/strong><\/span><\/p>\n<p><span style=\"color: #ff0000;\"><strong>B\u00fazd\u00edts\u00e1tok az ifjakat a hitvall\u00e1st\u00e9telre.<\/strong><\/span><\/p>\n<p><span style=\"color: #ff0000;\"><strong>\u00darvacsor\u00e1ban csak a konfirm\u00e1lt egyh\u00e1ztag r\u00e9szes\u00fclhet.<\/strong><\/span><\/p>\n<p><img decoding=\"async\" loading=\"lazy\" class=\"alignnone size-full wp-image-138\" src=\"https:\/\/calvineum.files.wordpress.com\/2017\/07\/maintenance-mode-hamyarwp.jpg\" alt=\"maintenance-mode-hamyarwp\" width=\"300\" height=\"300\" \/><\/p>\n","protected":false},"excerpt":{"rendered":"<p>&nbsp; A konfirm\u00e1ci\u00f3 az az istentisztelet, amikor megfogadjuk,hogy J\u00e9zus Krisztus k\u00f6vet\u0151i \u00e9s h\u0171s\u00e9ges egyh\u00e1ztagok lesz\u00fcnk. A konfirm\u00e1ci\u00f3ra az\u00e9rt van sz\u00fcks\u00e9g, mert amikor a kisgyermeket megkeresztelik, a megkeresztelt csecsem\u0151 nem is tudja mi t\u00f6rt\u00e9nik vele. A kereszts\u00e9g alkalm\u00e1val a sz\u00fcl\u0151k, nagysz\u00fcl\u0151k \u00e9s keresztsz\u00fcl\u0151k akarata \u00e9rv\u00e9nyes\u00fcl, akik e cselekedet \u00e1ltal gyerekeiket megk\u00fcl\u00f6mb\u00f6ztetik a hitetlenek gyermekeit\u0151l . A &hellip; <a href=\"http:\/\/calvineum.ro\/?page_id=175\" class=\"more-link\"><span class=\"screen-reader-text\">Konfirm\u00e1ci\u00f3<\/span> b\u0151vebben&#8230; <span class=\"meta-nav\">&rarr;<\/span><\/a><\/p>\n","protected":false},"author":1,"featured_media":0,"parent":0,"menu_order":0,"comment_status":"closed","ping_status":"closed","template":"","meta":[],"_links":{"self":[{"href":"http:\/\/calvineum.ro\/index.php?rest_route=\/wp\/v2\/pages\/175"}],"collection":[{"href":"http:\/\/calvineum.ro\/index.php?rest_route=\/wp\/v2\/pages"}],"about":[{"href":"http:\/\/calvineum.ro\/index.php?rest_route=\/wp\/v2\/types\/page"}],"author":[{"embeddable":true,"href":"http:\/\/calvineum.ro\/index.php?rest_route=\/wp\/v2\/users\/1"}],"replies":[{"embeddable":true,"href":"http:\/\/calvineum.ro\/index.php?rest_route=%2Fwp%2Fv2%2Fcomments&post=175"}],"version-history":[{"count":4,"href":"http:\/\/calvineum.ro\/index.php?rest_route=\/wp\/v2\/pages\/175\/revisions"}],"predecessor-version":[{"id":1341,"href":"http:\/\/calvineum.ro\/index.php?rest_route=\/wp\/v2\/pages\/175\/revisions\/1341"}],"wp:attachment":[{"href":"http:\/\/calvineum.ro\/index.php?rest_route=%2Fwp%2Fv2%2Fmedia&parent=175"}],"curies":[{"name":"wp","href":"https:\/\/api.w.org\/{rel}","templated":true}]}}