{"id":192,"date":"2017-07-21T23:51:44","date_gmt":"2017-07-21T20:51:44","guid":{"rendered":"https:\/\/calvineum.wordpress.com\/?page_id=192"},"modified":"2017-07-24T07:47:02","modified_gmt":"2017-07-24T05:47:02","slug":"scurt-istoric-2","status":"publish","type":"page","link":"http:\/\/calvineum.ro\/?page_id=192","title":{"rendered":"200 de ani \u00een c\u00e2teva cuvinte"},"content":{"rendered":"<h2>SCURT ISTORIC AL BISERICII REFORMATE\u00a0DIN BUCURESTI<\/h2>\n<p><strong>Comunitatea Reformat\u0103 din Bucure\u0219ti a fost \u00eenfiin\u021bat\u0103 \u00een anul 1815 de c\u0103tre preotul Sukei Imre.<\/strong><br \/>\nC\u00e2\u021biva ani mai t\u00e2rziu, \u00een anul 1819, comunitatea cump\u0103r\u0103 de la boierul<br \/>\nIordache Filipescu, pentru suma de 1650 de pia\u0219tri, o c\u0103su\u021b\u0103 \u0219i terenul aferent, \u00een mahalaua F\u00e2nt\u00e2na Boului.<br \/>\nPe acest teren se construie\u0219te, \u00een timpul domniei lui Alexandru \u0218u\u021bu Vod\u0103, prima biseric\u0103, l\u00e2ng\u0103 biseric\u0103 prima \u0219coal\u0103 cu predare \u00een limba maghiar\u0103 din Bucure\u0219ti, \u0219i casa parohial\u0103.<\/p>\n<p>\u00cen scurt timp aceast\u0103 biseric\u0103 se dovede\u0219te a fii ne\u00eenc\u0103p\u0103toare \u0219i \u00een perioada 1860-1865, \u00een timpul preotului Koos Ferenc se construie\u0219te o biseric\u0103 mai mare de tip basilical. La depunerea pietrei de temelie a participat \u0219i Doamna Elena Cuza, care a rostit cuvinte memorabile despre spiritul de toleran\u021b\u0103 ce domnea \u00een Principatele Unite, referindu-se la faptul c\u0103 mul\u021bi revolu\u021bionari pa\u0219opti\u0219ti maghiari s-au refugiat la Bucure\u0219ti.<\/p>\n<p>\u00cen anul 1930, Casa Regal\u0103 a Rom\u00e2niei a propus cump\u0103rarea bisericii \u0219i a terenului aferent, pentru a fii extins\u0103 gr\u0103dina Palatului Regal. Comunitatea nu este de acord cu acest lucru. Dup\u0103 lungi negocieri, la 30 ianuarie 1940 parohia prime\u0219te de la Curtea de Apel suma de 14.942.035 lei pentru expropriere \u0219i cump\u0103r\u0103 terenul din strada Luteran\u0103 nr. 11 \u00een valoare de 8.700.000 lei unde \u00eencepe construc\u021bia Calvineumului. Din cauza r\u0103zboiului nu se poate termina construc\u021bia. \u00cen 30 decembrie 1947 sub presiunea noii puteri, regele abdic\u0103. Construc\u021bia \u00eenceput\u0103 este preluat\u0103 de stat.<\/p>\n<p>\u00cen anul 1959 ordonan\u0163a Guvernului decide demolarea bisericii.<br \/>\nReforma\u021bii maghiari r\u0103m\u00e2n f\u0103r\u0103 biseric\u0103 \u0219i parohie.<br \/>\nMobilierul bisericii: amvonul , orga, clopotele, b\u0103ncile, au fost duse \u00een imobilul din strada Viilor, transform\u00e2nd aceast\u0103 cas\u0103 \u00een biseric\u0103.<\/p>\n<p>\u00cen anul 1972 puterea comunist\u0103 permite construirea unei noi biserici. \u00cen urma schimbului de terenuri \u0219i a pactului dintre biseric\u0103 \u0219i stat, pe strada Luteran\u0103 nr. 13 se construie\u0219te Calvineumul de ast\u0103zi. Autoriza\u021bia de construc\u021bie dat\u0103 \u00een anul 1972 permite construirea bisericii \u00een spatele parohiei, \u00een a\u0219a fel \u00eenc\u00e2t s\u0103 nu fie mai \u00eenalt\u0103 dec\u00e2t cl\u0103dirile \u00eenconjur\u0103toare \u0219i s\u0103 nu fie vizibil\u0103 din strad\u0103.<br \/>\nBiserica este construit\u0103 dup\u0103 proiectul arhitectului Rene Ghelman.<br \/>\nEste sfin\u021bit\u0103 \u00een data de 31 octombrie 1974.<br \/>\n\u00cen 2014 serb\u0103m 40 de ani de acest eveniment.<\/p>\n<p><em><strong>Non Nobis Domine, Non Nobis, Sed Nomini Tuo Da Gloriam! Soli Deo Gloria. Nu nou\u0103, Doamne, nu nou\u0103, ci Numelui T\u0103u s\u0103-i fie adus\u0103 slava!<\/strong><\/em><\/p>\n","protected":false},"excerpt":{"rendered":"<p>SCURT ISTORIC AL BISERICII REFORMATE\u00a0DIN BUCURESTI Comunitatea Reformat\u0103 din Bucure\u0219ti a fost \u00eenfiin\u021bat\u0103 \u00een anul 1815 de c\u0103tre preotul Sukei Imre. C\u00e2\u021biva ani mai t\u00e2rziu, \u00een anul 1819, comunitatea cump\u0103r\u0103 de la boierul Iordache Filipescu, pentru suma de 1650 de pia\u0219tri, o c\u0103su\u021b\u0103 \u0219i terenul aferent, \u00een mahalaua F\u00e2nt\u00e2na Boului. Pe acest teren se construie\u0219te, &hellip; <a href=\"http:\/\/calvineum.ro\/?page_id=192\" class=\"more-link\"><span class=\"screen-reader-text\">200 de ani \u00een c\u00e2teva cuvinte<\/span> b\u0151vebben&#8230; <span class=\"meta-nav\">&rarr;<\/span><\/a><\/p>\n","protected":false},"author":1,"featured_media":0,"parent":0,"menu_order":0,"comment_status":"closed","ping_status":"closed","template":"","meta":[],"_links":{"self":[{"href":"http:\/\/calvineum.ro\/index.php?rest_route=\/wp\/v2\/pages\/192"}],"collection":[{"href":"http:\/\/calvineum.ro\/index.php?rest_route=\/wp\/v2\/pages"}],"about":[{"href":"http:\/\/calvineum.ro\/index.php?rest_route=\/wp\/v2\/types\/page"}],"author":[{"embeddable":true,"href":"http:\/\/calvineum.ro\/index.php?rest_route=\/wp\/v2\/users\/1"}],"replies":[{"embeddable":true,"href":"http:\/\/calvineum.ro\/index.php?rest_route=%2Fwp%2Fv2%2Fcomments&post=192"}],"version-history":[{"count":1,"href":"http:\/\/calvineum.ro\/index.php?rest_route=\/wp\/v2\/pages\/192\/revisions"}],"predecessor-version":[{"id":1200,"href":"http:\/\/calvineum.ro\/index.php?rest_route=\/wp\/v2\/pages\/192\/revisions\/1200"}],"wp:attachment":[{"href":"http:\/\/calvineum.ro\/index.php?rest_route=%2Fwp%2Fv2%2Fmedia&parent=192"}],"curies":[{"name":"wp","href":"https:\/\/api.w.org\/{rel}","templated":true}]}}