{"id":3,"date":"2017-05-14T16:14:31","date_gmt":"2017-05-14T16:14:31","guid":{"rendered":"https:\/\/calvineum.wordpress.com\/?page_id=3"},"modified":"2017-11-11T09:11:16","modified_gmt":"2017-11-11T07:11:16","slug":"contact-4","status":"publish","type":"page","link":"http:\/\/calvineum.ro\/?page_id=3","title":{"rendered":"Kapcsolat"},"content":{"rendered":"<p><strong>Calvineum<\/strong><\/p>\n<p>Bukaresti Els\u0151 Reform\u00e1tus Egyh\u00e1zk\u00f6zs\u00e9g<\/p>\n<p><strong>Postac\u00edm<\/strong>:<\/p>\n<p>010161 \u2013 Bucuresti , str Luterana nr 13 b , sectorul 1<\/p>\n<p><strong>Telefon <\/strong>:<\/p>\n<p>004 021 31 444 96<\/p>\n<p>004 0744 640 707<\/p>\n<p><strong>email<\/strong>:<\/p>\n<p>calvineum@gmail.com<\/p>\n","protected":false},"excerpt":{"rendered":"<p>This is just a short excerpt for the contact&nbsp;page.<\/p>\n","protected":false},"author":1,"featured_media":0,"parent":0,"menu_order":2,"comment_status":"closed","ping_status":"closed","template":"","meta":[],"_links":{"self":[{"href":"http:\/\/calvineum.ro\/index.php?rest_route=\/wp\/v2\/pages\/3"}],"collection":[{"href":"http:\/\/calvineum.ro\/index.php?rest_route=\/wp\/v2\/pages"}],"about":[{"href":"http:\/\/calvineum.ro\/index.php?rest_route=\/wp\/v2\/types\/page"}],"author":[{"embeddable":true,"href":"http:\/\/calvineum.ro\/index.php?rest_route=\/wp\/v2\/users\/1"}],"replies":[{"embeddable":true,"href":"http:\/\/calvineum.ro\/index.php?rest_route=%2Fwp%2Fv2%2Fcomments&post=3"}],"version-history":[{"count":3,"href":"http:\/\/calvineum.ro\/index.php?rest_route=\/wp\/v2\/pages\/3\/revisions"}],"predecessor-version":[{"id":1277,"href":"http:\/\/calvineum.ro\/index.php?rest_route=\/wp\/v2\/pages\/3\/revisions\/1277"}],"wp:attachment":[{"href":"http:\/\/calvineum.ro\/index.php?rest_route=%2Fwp%2Fv2%2Fmedia&parent=3"}],"curies":[{"name":"wp","href":"https:\/\/api.w.org\/{rel}","templated":true}]}}