{"id":39,"date":"2017-07-21T21:42:00","date_gmt":"2017-07-21T18:42:00","guid":{"rendered":"https:\/\/calvineum.wordpress.com\/?page_id=39"},"modified":"2017-07-24T07:52:22","modified_gmt":"2017-07-24T05:52:22","slug":"altalanos-tudnivalok","status":"publish","type":"page","link":"https:\/\/calvineum.ro\/?page_id=39","title":{"rendered":"\u00c1ltal\u00e1nos tudnival\u00f3k"},"content":{"rendered":"<p>A Calvin temet\u0151 a Calea Giule\u0219ti 102 sz\u00e1m alatt tal\u00e1lhat\u00f3..<\/p>\n<p><strong>L\u00e1togathat\u00f3 : <\/strong><\/p>\n<ul>\n<li>ny\u00e1ron 7 &#8211; 19<\/li>\n<li>t\u00e9len 8 &#8211; 17 ora k\u00f6z\u00f6tt.<\/li>\n<\/ul>\n<p><strong>Figyelem !<\/strong><\/p>\n<p><strong>Ir\u00f3dai szolg\u00e1lat rendje :<\/strong><\/p>\n<ul>\n<li>Kedden \u00e9s cs\u00fct\u00f6rt\u00f6k\u00f6n : 9 &#8211; 13<\/li>\n<\/ul>\n<p>Az \u00e9vi b\u00e9rleti d\u00edjakat a temet\u0151 p\u00e9nzt\u00e1rn\u00e1l lehet befizetni az al\u00e1bbiak szerint :<\/p>\n<ul>\n<li>Ny\u00e1ron , m\u00e1jus 1 &#8211; november 1 k\u00f6z\u00f6tti , a fenti program szerint a temet\u0151ben .<\/li>\n<li>T\u00e9len , november 2 &#8211; \u00e1prilis 30 k\u00f6z\u00f6tt a <strong>Calvineumban , Luterana u. 13 sz alatt<\/strong> .<\/li>\n<\/ul>\n<p>Az \u00e9vi sirb\u00e9rleti d\u00edj , szem\u00e9lyes sirhely eset\u00e9ben 30 lej , csal\u00e1di sirhely eset\u00e9ben pedig 60 lej.<\/p>\n<p>Azok a b\u00e9rl\u0151k akik legal\u00e1bb 10 \u00e9ve valamelyik bukaresti reform\u00e1tus egyh\u00e1z tagjai \u00e9s az egyh\u00e1zfenntart\u00f3i j\u00e1rul\u00e9kot rendszeresen fizetik, 50% os kedvezm\u00e9nyben r\u00e9szes\u00fclnek, azaz a b\u00e9rleti d\u00edj fel\u00e9t fizetik. ( \u00e9vi 15 illetve 30 lejt )<\/p>\n<p><strong>Elhal\u00e1loz\u00e1s eset\u00e9n, a sz\u00fcks\u00e9ges tudnival\u00f3k,<\/strong> annak \u00e9rdek\u00e9ben, hogy a hozz\u00e1tartoz\u00f3k is meg\u00e9rts\u00e9k , <strong>rom\u00e1n nyelven <a href=\"http:\/\/calvineum.ro\/?page_id=211\">itt<\/a><\/strong> tal\u00e1lhat\u00f3k meg , <strong>magyarul pedig <a href=\"http:\/\/calvineum.ro\/?page_id=50\">itt<\/a><\/strong>.<\/p>\n","protected":false},"excerpt":{"rendered":"<p>A Calvin temet\u0151 a Calea Giule\u0219ti 102 sz\u00e1m alatt tal\u00e1lhat\u00f3.. L\u00e1togathat\u00f3 : ny\u00e1ron 7 &#8211; 19 t\u00e9len 8 &#8211; 17 ora k\u00f6z\u00f6tt. Figyelem ! Ir\u00f3dai szolg\u00e1lat rendje : Kedden \u00e9s cs\u00fct\u00f6rt\u00f6k\u00f6n : 9 &#8211; 13 Az \u00e9vi b\u00e9rleti d\u00edjakat a temet\u0151 p\u00e9nzt\u00e1rn\u00e1l lehet befizetni az al\u00e1bbiak szerint : Ny\u00e1ron , m\u00e1jus 1 &#8211; november 1 &hellip; <a href=\"https:\/\/calvineum.ro\/?page_id=39\" class=\"more-link\"><span class=\"screen-reader-text\">\u00c1ltal\u00e1nos tudnival\u00f3k<\/span> b\u0151vebben&#8230; <span class=\"meta-nav\">&rarr;<\/span><\/a><\/p>\n","protected":false},"author":1,"featured_media":0,"parent":0,"menu_order":0,"comment_status":"closed","ping_status":"closed","template":"","meta":[],"_links":{"self":[{"href":"https:\/\/calvineum.ro\/index.php?rest_route=\/wp\/v2\/pages\/39"}],"collection":[{"href":"https:\/\/calvineum.ro\/index.php?rest_route=\/wp\/v2\/pages"}],"about":[{"href":"https:\/\/calvineum.ro\/index.php?rest_route=\/wp\/v2\/types\/page"}],"author":[{"embeddable":true,"href":"https:\/\/calvineum.ro\/index.php?rest_route=\/wp\/v2\/users\/1"}],"replies":[{"embeddable":true,"href":"https:\/\/calvineum.ro\/index.php?rest_route=%2Fwp%2Fv2%2Fcomments&post=39"}],"version-history":[{"count":2,"href":"https:\/\/calvineum.ro\/index.php?rest_route=\/wp\/v2\/pages\/39\/revisions"}],"predecessor-version":[{"id":1203,"href":"https:\/\/calvineum.ro\/index.php?rest_route=\/wp\/v2\/pages\/39\/revisions\/1203"}],"wp:attachment":[{"href":"https:\/\/calvineum.ro\/index.php?rest_route=%2Fwp%2Fv2%2Fmedia&parent=39"}],"curies":[{"name":"wp","href":"https:\/\/api.w.org\/{rel}","templated":true}]}}